{"id":1081,"date":"2019-04-23T19:38:40","date_gmt":"2019-04-23T19:38:40","guid":{"rendered":"https:\/\/achalba.ro\/new\/?page_id=1081"},"modified":"2025-08-03T04:26:08","modified_gmt":"2025-08-03T04:26:08","slug":"informatii-expozitie","status":"publish","type":"page","link":"https:\/\/achalba.ro\/new\/informatii-expozitie\/","title":{"rendered":"Royal Crown Trophy &#8211; International Dog Show"},"content":{"rendered":"<p>[vc_row dahz_id=&#8221;1556048155139-c97b84c2-3d94&#8243;][vc_column][vc_column_text]<\/p>\n<div style=\"text-align: center;\"><strong>Expozi\u021bia Chinologic\u0103 Royal Crown Trophy 2025, 30-31.08.<\/strong><\/div>\n<p>[\/vc_column_text]<div data-dahz-shortcode-key=\"1723903626104-9d489f8c-8baf\" style=\"\" class=\"de-shortcode__wrapper de-shortcode__wrapper--zigzag_separator uk-margin-\">\r\n\t[vc_zigzag color=\"custom\" custom_color=\"#dcdcdc\" align=\"center\" el_width=\"50\" el_border_width=\"8\"]<\/div>\r\n[vc_column_text]<\/p>\n<p style=\"font-weight: 400; text-align: center;\"><strong>Royal Crown Trophy Dog Show 2025, August 30-31<\/strong><\/p>\n<p>[\/vc_column_text][vc_row_inner dahz_id=&#8221;1632513131142-df3ed57c-b8b8&#8243;][vc_column_inner]<div data-dahz-shortcode-key=\"1632513142938-ff3b1ae3-8eb1\" style=\"\" class=\"de-shortcode__wrapper de-shortcode__wrapper--zigzag_separator uk-margin-\">\r\n\t[vc_zigzag color=\"custom\" custom_color=\"#dcdcdc\" align=\"left\" el_width=\"100\" el_border_width=\"8\"]<\/div>\r\n[\/vc_column_inner][\/vc_row_inner][\/vc_column][vc_column width=&#8221;1\/2&#8243;]<div data-dahz-shortcode-key=\"1556048264107-eb24a06f-222c\" style=\"\" class=\"de-shortcode__wrapper de-shortcode__wrapper--flip_box uk-margin-\">\r\n\t\r\n<div class=\"de-sc-flip-box\" data-flip-direction=\"horizontal_to_left\" data-horizontal-align=\"center\" data-vertical-align=\"center\">\r\n    <div class=\"de-sc-flip-box__front-side\" data-is-bg-overlay=\"true\" style=\"background-image:url(https:\/\/achalba.ro\/new\/wp-content\/uploads\/2019\/05\/1.jpg)\">\r\n\t\t<div class=\"de-sc-flip-box__content\">\r\n\t\t\tRom\u00e2n\u0103\t\t<\/div>\r\n\r\n    <\/div>\r\n    <div class=\"de-sc-flip-box__back-side\" data-is-bg-overlay=\"\" style=\"background-image:url();\">\r\n\t\t<div class=\"de-sc-flip-box__content\">\r\n\t\t\tInforma\u021bii despre Royal Crown Trophy 2025\t\t\t\r\n\t\t\t\t<a href=\"https:\/\/achalba.ro\/new\/2021-ro\/\" class=\"de-btn uk-margin-top de-btn--boxed de-btn--fill\" title=\"Apas\u0103 aici!\" style=\"color: #ffffff;\">\r\n\t\t\t\t\tApas\u0103 aici!\t\t\t\t<\/a>\r\n\r\n\t\t\t\t\t<\/div>\r\n\r\n    <\/div>\r\n<\/div>\r\n\r\n<\/div>\r\n[\/vc_column][vc_column width=&#8221;1\/2&#8243;]<div data-dahz-shortcode-key=\"1556048414331-e08e1f45-9b6f\" style=\"\" class=\"de-shortcode__wrapper de-shortcode__wrapper--flip_box uk-margin-\">\r\n\t\r\n<div class=\"de-sc-flip-box\" data-flip-direction=\"horizontal_to_left\" data-horizontal-align=\"center\" data-vertical-align=\"center\">\r\n    <div class=\"de-sc-flip-box__front-side\" data-is-bg-overlay=\"true\" style=\"background-image:url(https:\/\/achalba.ro\/new\/wp-content\/uploads\/2019\/05\/2.jpg)\">\r\n\t\t<div class=\"de-sc-flip-box__content\">\r\n\t\t\tEnglish\t\t<\/div>\r\n\r\n    <\/div>\r\n    <div class=\"de-sc-flip-box__back-side\" data-is-bg-overlay=\"\" style=\"background-image:url();\">\r\n\t\t<div class=\"de-sc-flip-box__content\">\r\n\t\t\tAbout Royal Crown Trophy 2025\t\t\t\r\n\t\t\t\t<a href=\"https:\/\/achalba.ro\/new\/2021-en\/\" class=\"de-btn uk-margin-top de-btn--boxed de-btn--fill\" title=\"Click here!\" style=\"color: #ffffff;\">\r\n\t\t\t\t\tClick here!\t\t\t\t<\/a>\r\n\r\n\t\t\t\t\t<\/div>\r\n\r\n    <\/div>\r\n<\/div>\r\n\r\n<\/div>\r\n[\/vc_column][\/vc_row][vc_row dahz_id=&#8221;1556048558042-e762b929-ddb4&#8243;][vc_column][vc_empty_space][\/vc_column][\/vc_row][vc_row dahz_id=&#8221;1556048561730-80999122-4a74&#8243;][vc_column width=&#8221;1\/2&#8243;]<div data-dahz-shortcode-key=\"1556048561803-b4d4fb61-991a\" style=\"\" class=\"de-shortcode__wrapper de-shortcode__wrapper--flip_box uk-margin-\">\r\n\t\r\n<div class=\"de-sc-flip-box\" data-flip-direction=\"horizontal_to_left\" data-horizontal-align=\"center\" data-vertical-align=\"center\">\r\n    <div class=\"de-sc-flip-box__front-side\" data-is-bg-overlay=\"true\" style=\"background-image:url(https:\/\/achalba.ro\/new\/wp-content\/uploads\/2019\/05\/4.jpg)\">\r\n\t\t<div class=\"de-sc-flip-box__content\">\r\n\t\t\t\u00censcriere\t\t<\/div>\r\n\r\n    <\/div>\r\n    <div class=\"de-sc-flip-box__back-side\" data-is-bg-overlay=\"\" style=\"background-image:url();\">\r\n\t\t<div class=\"de-sc-flip-box__content\">\r\n\t\t\tTe po\u021bi \u00eenscrie aici!\t\t\t\r\n\t\t\t\t<a href=\"https:\/\/achalba.ro\/new\/2019-ro\/cum-ma-inscriu\/\" class=\"de-btn uk-margin-top de-btn--boxed de-btn--fill\" title=\"Start \u00eenscrieri :)\" style=\"color: #ffffff;\">\r\n\t\t\t\t\tStart \u00eenscrieri \ud83d\ude42\t\t\t\t<\/a>\r\n\r\n\t\t\t\t\t<\/div>\r\n\r\n    <\/div>\r\n<\/div>\r\n\r\n<\/div>\r\n[\/vc_column][vc_column width=&#8221;1\/2&#8243;]<div data-dahz-shortcode-key=\"1556048561887-585fc471-7538\" style=\"\" class=\"de-shortcode__wrapper de-shortcode__wrapper--flip_box uk-margin-\">\r\n\t\r\n<div class=\"de-sc-flip-box\" data-flip-direction=\"horizontal_to_left\" data-horizontal-align=\"center\" data-vertical-align=\"center\">\r\n    <div class=\"de-sc-flip-box__front-side\" data-is-bg-overlay=\"true\" style=\"background-image:url(https:\/\/achalba.ro\/new\/wp-content\/uploads\/2019\/05\/3.jpg)\">\r\n\t\t<div class=\"de-sc-flip-box__content\">\r\n\t\t\tRegister\t\t<\/div>\r\n\r\n    <\/div>\r\n    <div class=\"de-sc-flip-box__back-side\" data-is-bg-overlay=\"\" style=\"background-image:url();\">\r\n\t\t<div class=\"de-sc-flip-box__content\">\r\n\t\t\tYou can register here!\t\t\t\r\n\t\t\t\t<a href=\"https:\/\/achalba.ro\/new\/2019-en\/how-do-i-register\/\" class=\"de-btn uk-margin-top de-btn--boxed de-btn--fill\" title=\"Start :)\" style=\"color: #ffffff;\">\r\n\t\t\t\t\tStart \ud83d\ude42\t\t\t\t<\/a>\r\n\r\n\t\t\t\t\t<\/div>\r\n\r\n    <\/div>\r\n<\/div>\r\n\r\n<\/div>\r\n[\/vc_column][\/vc_row][vc_row dahz_id=&#8221;1556048673378-484f9136-22bc&#8221;][vc_column][vc_empty_space][\/vc_column][\/vc_row][vc_row dahz_id=&#8221;1556048676127-0fc0f91c-cf71&#8243;][vc_column width=&#8221;1\/2&#8243;]<div data-dahz-shortcode-key=\"1556050766323-e6949b6d-1006\" style=\"\" class=\"de-shortcode__wrapper de-shortcode__wrapper--flip_box uk-margin-\">\r\n\t\r\n<div class=\"de-sc-flip-box\" data-flip-direction=\"horizontal_to_left\" data-horizontal-align=\"center\" data-vertical-align=\"center\">\r\n    <div class=\"de-sc-flip-box__front-side\" data-is-bg-overlay=\"true\" style=\"background-image:url(https:\/\/achalba.ro\/new\/wp-content\/uploads\/2019\/05\/5.jpg)\">\r\n\t\t<div class=\"de-sc-flip-box__content\">\r\n\t\t\tLoca\u021bia \/ The venue\t\t<\/div>\r\n\r\n    <\/div>\r\n    <div class=\"de-sc-flip-box__back-side\" data-is-bg-overlay=\"\" style=\"background-image:url();\">\r\n\t\t<div class=\"de-sc-flip-box__content\">\r\n\t\t\tHarta de acces \/ Access map\t\t\t\r\n\t\t\t\t<a href=\"https:\/\/achalba.ro\/new\/harta-acces-access-map\/\" class=\"de-btn uk-margin-top de-btn--boxed de-btn--fill\" title=\"Aici \/ Here\" style=\"color: #ffffff;\">\r\n\t\t\t\t\tAici \/ Here\t\t\t\t<\/a>\r\n\r\n\t\t\t\t\t<\/div>\r\n\r\n    <\/div>\r\n<\/div>\r\n\r\n<\/div>\r\n[\/vc_column][vc_column width=&#8221;1\/2&#8243;]<div data-dahz-shortcode-key=\"1556048676181-d37b305c-3018\" style=\"\" class=\"de-shortcode__wrapper de-shortcode__wrapper--flip_box uk-margin-\">\r\n\t\r\n<div class=\"de-sc-flip-box\" data-flip-direction=\"horizontal_to_left\" data-horizontal-align=\"center\" data-vertical-align=\"center\">\r\n    <div class=\"de-sc-flip-box__front-side\" data-is-bg-overlay=\"true\" style=\"background-image:url(https:\/\/achalba.ro\/new\/wp-content\/uploads\/2019\/05\/6.jpg)\">\r\n\t\t<div class=\"de-sc-flip-box__content\">\r\n\t\t\tTermeni \u015fi condi\u0163ii \/ Terms and conditions\t\t<\/div>\r\n\r\n    <\/div>\r\n    <div class=\"de-sc-flip-box__back-side\" data-is-bg-overlay=\"\" style=\"background-image:url();\">\r\n\t\t<div class=\"de-sc-flip-box__content\">\r\n\t\t\tExpozi\u0163iile se desf\u0103\u015foara cu respectarea regulamentelor F.C.I. \u015fi A.Ch.R. \/ The shows are held under the F.C.I. and R.K.C. Show regulations.\t\t\t\r\n\t\t\t\t<a href=\"https:\/\/achalba.ro\/new\/termeni-terms\/\" class=\"de-btn uk-margin-top de-btn--boxed de-btn--fill\" title=\"Terms\" style=\"color: #ffffff;\">\r\n\t\t\t\t\tTerms\t\t\t\t<\/a>\r\n\r\n\t\t\t\t\t<\/div>\r\n\r\n    <\/div>\r\n<\/div>\r\n\r\n<\/div>\r\n[\/vc_column][\/vc_row]<\/p>\n","protected":false},"excerpt":{"rendered":"<p>[vc_row dahz_id=&#8221;1556048155139-c97b84c2-3d94&#8243;][vc_column][vc_column_text] Expozi\u021bia Chinologic\u0103 Royal Crown Trophy 2025, 30-31.08. [\/vc_column_text][vc_column_text] Royal Crown Trophy Dog Show 2025, August 30-31 [\/vc_column_text][vc_row_inner dahz_id=&#8221;1632513131142-df3ed57c-b8b8&#8243;][vc_column_inner][\/vc_column_inner][\/vc_row_inner][\/vc_column][vc_column width=&#8221;1\/2&#8243;][\/vc_column][vc_column width=&#8221;1\/2&#8243;][\/vc_column][\/vc_row][vc_row dahz_id=&#8221;1556048558042-e762b929-ddb4&#8243;][vc_column][vc_empty_space][\/vc_column][\/vc_row][vc_row dahz_id=&#8221;1556048561730-80999122-4a74&#8243;][vc_column width=&#8221;1\/2&#8243;][\/vc_column][vc_column width=&#8221;1\/2&#8243;][\/vc_column][\/vc_row][vc_row dahz_id=&#8221;1556048673378-484f9136-22bc&#8221;][vc_column][vc_empty_space][\/vc_column][\/vc_row][vc_row dahz_id=&#8221;1556048676127-0fc0f91c-cf71&#8243;][vc_column width=&#8221;1\/2&#8243;][\/vc_column][vc_column width=&#8221;1\/2&#8243;][\/vc_column][\/vc_row]<\/p>\n","protected":false},"author":1,"featured_media":0,"parent":0,"menu_order":0,"comment_status":"closed","ping_status":"closed","template":"","meta":[],"_links":{"self":[{"href":"https:\/\/achalba.ro\/new\/wp-json\/wp\/v2\/pages\/1081"}],"collection":[{"href":"https:\/\/achalba.ro\/new\/wp-json\/wp\/v2\/pages"}],"about":[{"href":"https:\/\/achalba.ro\/new\/wp-json\/wp\/v2\/types\/page"}],"author":[{"embeddable":true,"href":"https:\/\/achalba.ro\/new\/wp-json\/wp\/v2\/users\/1"}],"replies":[{"embeddable":true,"href":"https:\/\/achalba.ro\/new\/wp-json\/wp\/v2\/comments?post=1081"}],"version-history":[{"count":38,"href":"https:\/\/achalba.ro\/new\/wp-json\/wp\/v2\/pages\/1081\/revisions"}],"predecessor-version":[{"id":2874,"href":"https:\/\/achalba.ro\/new\/wp-json\/wp\/v2\/pages\/1081\/revisions\/2874"}],"wp:attachment":[{"href":"https:\/\/achalba.ro\/new\/wp-json\/wp\/v2\/media?parent=1081"}],"curies":[{"name":"wp","href":"https:\/\/api.w.org\/{rel}","templated":true}]}}