{"id":365,"date":"2019-03-25T20:56:53","date_gmt":"2019-03-25T20:56:53","guid":{"rendered":"https:\/\/achalba.ro\/new\/?page_id=365"},"modified":"2019-07-30T12:21:54","modified_gmt":"2019-07-30T12:21:54","slug":"registrul-electronic-al-cainilor-periculosi","status":"publish","type":"page","link":"https:\/\/achalba.ro\/new\/registrul-electronic-al-cainilor-periculosi\/","title":{"rendered":"\u00cenregistrarea \u00een Registrul Electronic al C\u00e2inilor Periculo\u0219i"},"content":{"rendered":"<p>[vc_row dahz_id=&#8221;1553547405528-e0118f22-702e&#8221;][vc_column][vc_column_text]\u00censcrierea \u00een Registrul Electronic al C\u00e2inilor Periculo\u0219i (RECP) se face la sediul asocia\u021biei. Este necesar\u0103 prezentarea carnetului de s\u0103n\u0103tate al c\u00e2inelui cu protocolul de vaccinare la zi, dar \u0219i adeverin\u021ba de \u00eenregistrare \u00een Registrul Electronic al C\u00e2inilor cu St\u0103p\u00e2n (RECS).<\/p>\n<p>Legisla\u021bia aplicabil\u0103:<\/p>\n<p><a href=\"https:\/\/achalba.ro\/new\/wp-content\/uploads\/2019\/03\/OUG-55.pdf\">ORDONAN\u021a\u0102 DE URGEN\u021a\u0102 NR. 55 DIN 30 APRILIE 2002 PRIVIND REGIMUL DE DE\u0142INERE AL C\u00c2INILOR PERICULO\u015eI SAU AGRESIVI<\/a><\/p>\n<p><a href=\"https:\/\/achalba.ro\/new\/wp-content\/uploads\/2019\/03\/Legea-60.pdf\">LEGE NR. 60 DIN 11 MARTIE 2003 PENTRU APROBAREA ORDONAN\u021aEI DE URGEN\u021a\u0102 A GUVERNULUI NR. 55\/2002 PRIVIND REGIMUL DE DE\u021aINERE AL C\u00c2INILOR PERICULO\u015eI SAU AGRESIVI <\/a>[\/vc_column_text][\/vc_column][\/vc_row]<\/p>\n","protected":false},"excerpt":{"rendered":"<p>[vc_row dahz_id=&#8221;1553547405528-e0118f22-702e&#8221;][vc_column][vc_column_text]\u00censcrierea \u00een Registrul Electronic al C\u00e2inilor Periculo\u0219i (RECP) se face la sediul asocia\u021biei. Este necesar\u0103 prezentarea carnetului de s\u0103n\u0103tate al c\u00e2inelui cu protocolul de vaccinare la zi, dar \u0219i adeverin\u021ba de \u00eenregistrare \u00een Registrul Electronic al C\u00e2inilor cu St\u0103p\u00e2n (RECS). Legisla\u021bia aplicabil\u0103: ORDONAN\u021a\u0102 DE URGEN\u021a\u0102 NR. 55 DIN 30 APRILIE 2002 PRIVIND REGIMUL DE<\/p>\n","protected":false},"author":1,"featured_media":0,"parent":0,"menu_order":0,"comment_status":"closed","ping_status":"closed","template":"","meta":[],"_links":{"self":[{"href":"https:\/\/achalba.ro\/new\/wp-json\/wp\/v2\/pages\/365"}],"collection":[{"href":"https:\/\/achalba.ro\/new\/wp-json\/wp\/v2\/pages"}],"about":[{"href":"https:\/\/achalba.ro\/new\/wp-json\/wp\/v2\/types\/page"}],"author":[{"embeddable":true,"href":"https:\/\/achalba.ro\/new\/wp-json\/wp\/v2\/users\/1"}],"replies":[{"embeddable":true,"href":"https:\/\/achalba.ro\/new\/wp-json\/wp\/v2\/comments?post=365"}],"version-history":[{"count":5,"href":"https:\/\/achalba.ro\/new\/wp-json\/wp\/v2\/pages\/365\/revisions"}],"predecessor-version":[{"id":1605,"href":"https:\/\/achalba.ro\/new\/wp-json\/wp\/v2\/pages\/365\/revisions\/1605"}],"wp:attachment":[{"href":"https:\/\/achalba.ro\/new\/wp-json\/wp\/v2\/media?parent=365"}],"curies":[{"name":"wp","href":"https:\/\/api.w.org\/{rel}","templated":true}]}}