{"id":448,"date":"2019-03-27T19:42:21","date_gmt":"2019-03-27T19:42:21","guid":{"rendered":"https:\/\/achalba.ro\/new\/?page_id=448"},"modified":"2019-04-23T20:22:09","modified_gmt":"2019-04-23T20:22:09","slug":"protectia-datelor-cu-caracter-personal-politica-de-confidentialitate","status":"publish","type":"page","link":"https:\/\/achalba.ro\/new\/protectia-datelor-cu-caracter-personal-politica-de-confidentialitate\/","title":{"rendered":"Protectia Datelor cu Caracter Personal \u2013 Politica de Confidentialitate"},"content":{"rendered":"<p>[vc_row dahz_id=&#8221;1553715728388-5e435704-b2ae&#8221;][vc_column][vc_column_text]Regulament de gestionare a datelor cu caracter personal A.Ch.Alba<\/p>\n<ol>\n<li>Informa\u021bii despre A.Ch.Alba<\/li>\n<\/ol>\n<p>1.1. Acest regulament referitor la gestionarea datelor cu caracter personal este de\u021binut Asocia\u021bia Chinologic\u0103 Alba, Alba Iulia, str. Milenium, nr. 2, CIF 15772530, Aut. 4\/2003 (men\u021bionat \u00een continuare drept\u00a0<strong>\u201eA.Ch.Alba\u201c<\/strong>) emite principiile de prelucrare a informa\u021biilor personale ale vizitatorilor paginii de internet www.achalba.ro (denumit\u0103\u00a0<strong>\u201epagina web\u201d<\/strong>), mai cu seam\u0103 a utilizatorilor \u00eenregistra\u021bi sau care depun \u00eenscrieri prin intermediul paginii web (men\u021biona\u021bi \u00een continuare drept (men\u021biona\u021bi \u00een continuare drept\u00a0<strong>\u201eutilizatori\u201d<\/strong>).<\/p>\n<p>1.2. A.Ch.Alba este r\u0103spunz\u0103tor de prelucrarea datelor cu caracter personal \u00een calitate de administrator \u0219i determin\u0103 scopul \u0219i mijloacele prin care vor fi procesate datele cu caracter personal.<\/p>\n<ol start=\"2\">\n<li>Ce fel de date personale prelucr\u0103m?<\/li>\n<\/ol>\n<p>2.1.\u00a0<strong>Datele furnizate de utilizatori.<\/strong>\u00a0La A.Ch.Alba prelucr\u0103m datele personale ale utilizatorilor \u0219i membrilor no\u0219tri. \u00cen principal, sunt acele date personale furnizate \u00een timpul \u00eenscrierii la A.Ch.Alba, sau \u00een timpul transmiterii de \u00eenscrieri la expozi\u021bii.<\/p>\n<p>2.2. Aceasta date includ \u00een special adresa de e-mail c\u00e2t \u0219i, \u00een cazul membrilor, numele \u0219i prenumele, adresa, num\u0103rul de telefon \u0219i detaliile de plat\u0103.<\/p>\n<p>2.3.\u00a0<strong>Datele personale de pe Facebook.<\/strong>Dac\u0103 utiliza\u021bi pagina de socializare Facebook, ve\u021bi permite accesul A.Ch.Alba la profilul dvs. public, data na\u0219terii, loca\u021bia curent\u0103 \u0219i adresa de e-mail. Din profilul dvs. public de pe Facebook fac parte \u0219i numele \u0219i prenumele dvs., fotografia de profil, categoria de v\u00e2rst\u0103, sexul \u0219i alte informa\u021bii publice \u00een func\u021bie de cum v-a\u021bi setat profilul.<\/p>\n<p>2.4. A.Ch.Alba nu colecteaz\u0103 \u0219i nu prelucreaz\u0103 alt gen de date personale, cum ar fi cele cu caracter sensibil, de exemplu, starea dvs. de s\u0103n\u0103tate, etnie sau religie, \u0219amd.<\/p>\n<ol start=\"3\">\n<li>\u00cen ce scopuri v\u0103 proces\u0103m datele cu caracter personal?<\/li>\n<\/ol>\n<p>3.1.\u00a0<strong>Numele \u0219i prenumele, precum \u0219i detaliile de contact v\u0103 sunt procesate pentru a v\u0103 putea procesa aplica\u021biile de membru sau \u00eenscrierile transmise de dvs.<\/strong>\u00a0Prelucrarea datelor \u00een acest caz, este inclus\u0103 pe decursul tuturor activit\u0103\u021bilor, de la \u00eenregistrarea, prelucrarea, inclusiv plata efectuat\u0103. Dac\u0103 aceste informa\u021bii nu sunt furnizate A.Ch.Alba, aceasta din urm\u0103 nu \u00ee\u0219i poate \u00eendeplini angajamentul serviciilor solicitate.<\/p>\n<p>3.2.\u00a0<strong>Pentru a putea transmite informa\u021bii despre activit\u0103\u021bi din lumea chinologiei, A.Ch.Alba se folose\u0219te de urm\u0103toarele date personale: adresa de e-mail \u0219i uneori num\u0103rul de telefon pentru notific\u0103ri ocazionale prin SMS.<\/strong>\u00a0\u00cen acest caz, trimitem un mesaj despre expozi\u021biile chinologice pe care A.Ch.Alba le sus\u021bine \u0219i\/sau organizeaz\u0103. Procesarea datelor se realizeaz\u0103\u00a0<strong>pentru \u00eendeplinirea intereselor legitime pe care le are A.Ch.Alba\u00a0<\/strong>sub form\u0103 de marketing direct cu caracter limitat. A.Ch.Alba nu are nevoie de consim\u021b\u0103m\u00e2ntul dvs. pentru acest gen de comunic\u0103ri, \u00eens\u0103 v\u0103 permite s\u0103 v\u0103 dezabona\u021bi \u00een orice moment sau s\u0103 v\u0103 opune\u021bi unei astfel de proces\u0103ri. Dac\u0103 v\u0103 retrage\u021bi consim\u021b\u0103m\u00e2ntul, nu vom mai procesa datele dvs. \u00een scopul trimiterii de comunic\u0103ri, \u0219i nici pentru motivele men\u021bionate mai sus, pentru a realiza intereselor legitime ale A.Ch.Alba.<\/p>\n<p>3.3.\u00a0<strong>Pentru a face publice informa\u021bii \u0219i promova expozi\u021biile chinologice A.Ch.Alba, se utilizeaz\u0103 \u00een principal o adres\u0103 de e-mail pentru comunicare.<\/strong>\u00a0\u00cen acest caz, procesarea se\u00a0<strong>bazeaz\u0103 numai pe consim\u021b\u0103m\u00e2ntul<\/strong>, dvs., care este \u00een \u00eentregime voluntar \u0219i pute\u021bi continua s\u0103 utiliza\u021bi pe deplin site-ul nostru dac\u0103 nu dori\u021bi s\u0103 v\u0103 acorda\u021bi consim\u021b\u0103m\u00e2ntul. V\u0103 pute\u021bi retrage consim\u021b\u0103m\u00e2ntul \u00een orice moment, d\u00e2nd click pe link-ul corespunz\u0103tor g\u0103sit \u00een fiecare mesaj de comunicare.<\/p>\n<ol start=\"4\">\n<li>Anularea consim\u021b\u0103m\u00e2ntului \u0219i anularea primirea comunicatelor sau mesajelor A.Ch.Alba<\/li>\n<\/ol>\n<p>4.1. Comunicatele companiei. Utilizatorii \u0219i membri A.Ch.Alba se pot dezabona \u00een orice moment de la primirea comunicatelor:<\/p>\n<p>trimi\u021b\u00e2ndu-v\u0103 dezacordul privind prelucrarea datelor cu caracter personal la A.Ch.Alba prin click pe lincul de dezabonare.<\/p>\n<ol start=\"5\">\n<li>Cine are acces la datele personale?<\/li>\n<\/ol>\n<p>5.1. \u00cen primul r\u00e2nd, datele personale sunt prelucrate de c\u0103tre\u00a0<strong>A.Ch.Alba \u0219i de c\u0103tre personalul s\u0103u<\/strong>. Toate persoanele care au acces la datele cu caracter personal sunt obligate s\u0103 p\u0103streze confiden\u021bialitatea \u0219i acest angajament continu\u0103 chiar \u0219i dup\u0103 ce sa \u00eencheiat cooperarea cu A.Ch.Alba.<\/p>\n<p>5.2. A.Ch.Alba gestioneaz\u0103, de asemenea, prelucrarea datelor cu caracter personal \u00een calitate de administrator, cum ar fi \u00een calitate\u00a0<strong>de procesor<\/strong>. Procesor \u00eenseamn\u0103 orice entitate care prelucreaz\u0103 datele personale pentru A.Ch.Alba, \u00een scopurile \u0219i modalit\u0103\u021bile specificate de A.Ch.Alba. Dac\u0103 consim\u021b\u0103m\u00e2ntul dvs. este necesar pentru procesare, transfer\u0103m datele numai procesatorilor dac\u0103 v-a\u021bi dat acordul. Oferim spre procesare doar datele absolut necesare pentru a \u00ee\u0219i putea \u00eendeplini rolul serviciilor lor.<\/p>\n<ol start=\"6\">\n<li>Care este durata de procesare a datelor personale?<\/li>\n<\/ol>\n<p>6.1. A.Ch.Alba proceseaz\u0103 datele personale pentru a putea \u00eendeplini \u0219i realiza obliga\u021biile asumate pe \u00eentreaga durat\u0103 a \u00eenscrierii, inclusiv plata efectuat\u0103 \u0219i derularea expozi\u021biilor. Conform legii, A.Ch.Alba p\u0103streaz\u0103 unele dintre datele con\u021binute \u00een documentele contabile.<\/p>\n<p>6.2. Comunic\u0103rile sunt trimise utilizatorilor at\u00e2t timp c\u00e2t acest lucru este acceptat de c\u0103tre utilizatori \u0219i\/sau membri. Acestea sunt trimise p\u00e2n\u0103 c\u00e2nd clientul se dezaboneaz\u0103 sau p\u00e2n\u0103 c\u00e2nd \u00ee\u0219i exprim\u0103 dezaprobarea \u00een ceea ce prive\u0219te prelucrarea datelor personale \u00een acest scop. Cu toate acestea, comunic\u0103rile sunt trimise timp de maxim 10 ani. A.Ch.Alba cere apoi un nou consim\u021b\u0103m\u00e2nt.<\/p>\n<p>6.3. Datele ob\u021binute \u00een scopuri de marketing sunt procesate de A.Ch.Alba pe durata consim\u021b\u0103m\u00e2ntului dvs., adic\u0103 at\u00e2ta timp c\u00e2t ve\u021bi permite stocarea sau p\u00e2n\u0103 c\u00e2nd v\u0103 ve\u021bi exprima dezaprobarea \u00een ceea ce prive\u0219te prelucrarea datelor personale \u00een acest scop.<\/p>\n<p>6.4. Prelucrarea ulterioar\u0103 a datelor cu caracter personal \u00een plus fa\u021b\u0103 de aceste termene limit\u0103 este efectuat\u0103 de A.Ch.Alba numai dac\u0103 este necesar\u0103 \u00eendeplinirea obliga\u021biilor care decurg din regulamentul A.Ch.Alba.<\/p>\n<ol start=\"7\">\n<li>Ce drepturi ave\u021bi?<\/li>\n<\/ol>\n<p>7.1. \u00cen leg\u0103tur\u0103 cu prelucrarea datelor dvs. personale, pute\u021bi s\u0103 contacta\u021bi A.Ch.Alba \u0219i s\u0103 o solicita\u021bi:<\/p>\n<p><strong>Informa\u021bii privind datele dvs. cu caracter personal<\/strong>, ce au fost prelucrate de A.Ch.Alba cu privire la scopul \u0219i natura prelucr\u0103rii datelor cu caracter personal, inclusiv informa\u021bii despre poten\u021bialii beneficiari ai datelor cu caracter personal, \u00een afara A.Ch.Alba. Informa\u021biile generale privind prelucrarea datelor cu caracter personal sunt men\u021bionate \u00een aceste regulament.<\/p>\n<p><strong>Accesul la datele pe care le-a\u021bi furnizat c\u0103tre A.Ch.Alba<\/strong>, fie \u00een timpul \u00eenregistr\u0103rii, fie \u00een timpul plas\u0103rii unei \u00eenscrieri. Dac\u0103 se exercit\u0103 acest drept, A.Ch.Alba v\u0103 va confirma dac\u0103 \u0219i care date personale sunt prelucrate \u0219i, dac\u0103 este cazul, v\u0103 vor fi puse toate la dispozi\u021bie, \u00eempreun\u0103 cu informa\u021biile despre prelucrarea acestora.<\/p>\n<p><strong>Corectarea datelor cu caracter personal<\/strong>, \u00een cazul \u00een care acestea sunt inexacte sau incomplete. Numai \u00een cazul informa\u021biilor actualizate corect v\u0103 poate asigura A.Ch.Alba realizarea \u00eenscrierii plasate de dvs.<\/p>\n<p><strong>Justificarea \u0219i eliminarea unei st\u0103ri defectuoase<\/strong>\u00a0(cum ar fi blocarea, corectarea, completarea sau \u0219tergerea datelor personale) dac\u0103 considera\u021bi c\u0103 A.Ch.Alba proceseaz\u0103 date cu caracter personal ce contravine protec\u021biei vie\u021bii personale sau \u00eenc\u0103lc\u00e2nd reglement\u0103rile legale.<\/p>\n<p><strong>\u0218tergerea datelor cu caracter personal<\/strong>\u00a0(a\u0219a-numitul \u201edrept de a fi uitat\u201d) sau prelucrarea limitat\u0103 a acestora, \u00een cazul \u00een care acestea nu mai sunt necesare \u00een aceste scopuri sau dac\u0103 A.Ch.Alba nu mai are un motiv legitim de a procesa date cu caracter personal, inclusiv \u00een cazurile \u00een care nu sunte\u021bi de acord cu prelucrarea ulterioar\u0103. \u00cen \u00eendeplinirea acestor condi\u021bii, A.Ch.Alba v\u0103 va \u0219terge total sau par\u021bial datele.<\/p>\n<p><strong>Transferarea datelor personale prelucrate automatizate ob\u021binute prin consim\u021b\u0103m\u00e2ntul dvs.<\/strong>\u00a0de la A.Ch.Alba c\u0103tre o alt\u0103 entitate \u00een care A.Ch.Alba transmite dvs. sau unui alt administrator la alegerea dvs. datele dvs. personale \u00eentr-un format utilizat \u00een mod obi\u0219nuit.<\/p>\n<p>7.2. \u00cen plus, membri A.Ch.Alba\u00a0<strong>pot contesta prelucrarea datelor cu caracter personal<\/strong>\u00a0\u00een cazul trimiterii de comunic\u0103ri irelevante sau a unor evalu\u0103ri a preferin\u021belor, \u00een baza c\u0103rora A.Ch.Alba va \u00eenceta imediat prelucrarea datelor cu caracter personal \u00een aceste scopuri.<\/p>\n<p>7.3. \u00cen plus fa\u021b\u0103 de drepturile prezentate mai sus, pute\u021bi s\u0103 contacta\u021bi \u00eentotdeauna A.Ch.Alba\u00a0<strong>cu o reclama\u021bie pentru Protec\u021bia Datelor cu Caracter Personal<\/strong>.<\/p>\n<ol start=\"8\">\n<li>Securitatea datelor<\/li>\n<\/ol>\n<p>8.1. A.Ch.Alba este responsabil de securitatea datelor dvs. Manipularea datelor cu caracter personal este \u00een deplin\u0103 conformitate cu legisla\u021bia \u00een vigoare, inclusiv cu Politica general\u0103 de confiden\u021bialitate (GDPR). A.Ch.Alba pune mare pre\u021b pe securitatea din punct de vedere tehnic \u0219i organiza\u021bional c\u00e2nd prelucreaz\u0103 date cu caracter personal.<\/p>\n<p>8.2. Toate datele cu caracter personal \u00een form\u0103 electronic\u0103 sunt stocate \u00een baze de date \u0219i sisteme accesibile numai persoanelor care au nevoie s\u0103 dispun\u0103 direct de aceste date cu caracter personal \u00een scopurile specificate \u00een aceste reguli \u0219i numai \u00een m\u0103sura \u00een care acest lucru este necesar. Accesul la aceste date personale este protejat. Securitatea datelor personale este testat\u0103 \u00een mod regulat de A.Ch.Alba \u0219i protec\u021bia este \u00eembun\u0103t\u0103\u021bit\u0103 continuu.<\/p>\n<ol start=\"9\">\n<li>Contact<\/li>\n<\/ol>\n<p>9.1. Dac\u0103 ave\u021bi orice fel de nel\u0103murire referitoare la procesarea datelor personale sau \u00een cazul \u00een care considera\u021bi c\u0103 vi s-au \u00eenc\u0103lcat drepturile, v\u0103 rug\u0103m s\u0103 ne contacta\u021bi la adresa de e- mail:\u00a0office@achalba.ro sau la num\u0103rul de telefon: +40\u00a0774 533 995.<\/p>\n<ol start=\"10\">\n<li>Valabilitate<\/li>\n<\/ol>\n<p>10.1. Acest regulament intr\u0103 \u00een vigoare \u00eencep\u00e2nd cu 23.05.2018.[\/vc_column_text][\/vc_column][\/vc_row]<\/p>\n","protected":false},"excerpt":{"rendered":"<p>[vc_row dahz_id=&#8221;1553715728388-5e435704-b2ae&#8221;][vc_column][vc_column_text]Regulament de gestionare a datelor cu caracter personal A.Ch.Alba Informa\u021bii despre A.Ch.Alba 1.1. Acest regulament referitor la gestionarea datelor cu caracter personal este de\u021binut Asocia\u021bia Chinologic\u0103 Alba, Alba Iulia, str. Milenium, nr. 2, CIF 15772530, Aut. 4\/2003 (men\u021bionat \u00een continuare drept\u00a0\u201eA.Ch.Alba\u201c) emite principiile de prelucrare a informa\u021biilor personale ale vizitatorilor paginii de internet www.achalba.ro<\/p>\n","protected":false},"author":1,"featured_media":0,"parent":0,"menu_order":0,"comment_status":"closed","ping_status":"closed","template":"","meta":[],"_links":{"self":[{"href":"https:\/\/achalba.ro\/new\/wp-json\/wp\/v2\/pages\/448"}],"collection":[{"href":"https:\/\/achalba.ro\/new\/wp-json\/wp\/v2\/pages"}],"about":[{"href":"https:\/\/achalba.ro\/new\/wp-json\/wp\/v2\/types\/page"}],"author":[{"embeddable":true,"href":"https:\/\/achalba.ro\/new\/wp-json\/wp\/v2\/users\/1"}],"replies":[{"embeddable":true,"href":"https:\/\/achalba.ro\/new\/wp-json\/wp\/v2\/comments?post=448"}],"version-history":[{"count":3,"href":"https:\/\/achalba.ro\/new\/wp-json\/wp\/v2\/pages\/448\/revisions"}],"predecessor-version":[{"id":1106,"href":"https:\/\/achalba.ro\/new\/wp-json\/wp\/v2\/pages\/448\/revisions\/1106"}],"wp:attachment":[{"href":"https:\/\/achalba.ro\/new\/wp-json\/wp\/v2\/media?parent=448"}],"curies":[{"name":"wp","href":"https:\/\/api.w.org\/{rel}","templated":true}]}}