{"id":536,"date":"2019-03-27T20:58:31","date_gmt":"2019-03-27T20:58:31","guid":{"rendered":"https:\/\/achalba.ro\/new\/?page_id=536"},"modified":"2025-08-03T04:17:09","modified_gmt":"2025-08-03T04:17:09","slug":"cum-ma-inscriu","status":"publish","type":"page","link":"https:\/\/achalba.ro\/new\/2021-ro\/cum-ma-inscriu\/","title":{"rendered":"Cum m\u0103 \u00eenscriu?"},"content":{"rendered":"<p>[vc_row dahz_id=&#8221;1553720054440-e5b75176-a2a2&#8243;][vc_column][vc_column_text]<\/p>\n<h1 style=\"text-align: center;\"><span style=\"color: #ff0000;\">30 &#8211; 31.08.2025, Termen limit\u0103: 16.08.2025<\/span><\/h1>\n<h2 style=\"text-align: center;\">Loca\u021bie eveniment: Cetatea Alba Carolina, Alba Iulia<\/h2>\n<p style=\"text-align: center;\">Prin\u00a0completarea \u015fi transmiterea \u00eenscrierii, subsemnatul, declar c\u0103 accept prelucrarea datelor mele cu caracter personal (GDPR), furnizate de bun\u0103 voie, \u00een scopul organiz\u0103rii \u0219i promov\u0103rii expozi\u021biei chinologice prezente \u0219i viitoare.<\/p>\n<p style=\"text-align: center;\"><strong>ANUNT REFERITOR LA COADA SI\/SAU URECHILE CUPATE<\/strong><\/p>\n<p style=\"text-align: center;\">Conform prevederilor art. IV alin. 12 din Regulamentul A.Ch.R. pentru competi\u021bii canine este interzis\u0103 transmiterea formularului de \u00eenscriere, \u00eenscrierea, intrarea \u00een spa\u021biul competi\u021bional \u0219i participarea la competi\u021biile canine a c\u00e2inilor care prezint\u0103 coada \u0219i\/sau urechile cupate \u00een alte scopuri dec\u00e2t cele curative. Dovada cup\u0103rii cozii \u0219i\/sau a urechilor \u00een scopuri curative o constituie doar men\u021biunea\/men\u021biunile \u00een acest sens, semn\u0103tura \u0219i parafa medicului veterinar care a efectuat interven\u021bia chirurgical\u0103 de cupare trecute \u00een carnetul de s\u0103n\u0103tate sau \u00een pa\u0219aportul c\u00e2inelui.<\/p>\n<p style=\"text-align: center;\">\u00cen cazul \u00een care v\u0103 afla\u021bi \u00een aceast\u0103 situa\u021bie, indica\u021bi eventualele cupaturi \u0219i ata\u0219a\u021bi dovada medical\u0103.<\/p>\n<p>[\/vc_column_text][\/vc_column][\/vc_row][vc_row dahz_id=&#8221;1553720301651-c30320e8-d684&#8243;][vc_column][vc_empty_space][\/vc_column][\/vc_row][vc_row dahz_id=&#8221;1553720086157-1a0375b9-bff9&#8243;][vc_column width=&#8221;1\/3&#8243;][vc_column_text]<\/p>\n<p style=\"text-align: center;\">\u00censcriere on-line &#8211; cont AChR<\/p>\n<p>[\/vc_column_text]<div data-dahz-shortcode-key=\"1553720141094-0d7168d8-d067\" style=\"\" class=\"de-shortcode__wrapper de-shortcode__wrapper--button uk-margin- uk-text-center\">\r\n\t<a href=\"#\" class=\"de-btn de-btn--boxed de-btn--fill\" target=\"_blank\">\r\n\t<span >\r\n\t\t\t\t\t\t\t<span>\u00censcrie-te<\/span>\r\n\t\t\t\t\t<\/span>\r\n<\/a>\r\n<\/div>\r\n[\/vc_column][vc_column width=&#8221;1\/3&#8243;][vc_column_text]<\/p>\n<p style=\"text-align: center;\">\u00censcriere on-line &#8211; F\u0102R\u0102 cont AChR<\/p>\n<p>[\/vc_column_text]<div data-dahz-shortcode-key=\"1553720231890-8180f645-6d38\" style=\"\" class=\"de-shortcode__wrapper de-shortcode__wrapper--button uk-margin- uk-text-center\">\r\n\t<a href=\"#\" class=\"de-btn de-btn--boxed de-btn--fill\" target=\"_blank\">\r\n\t<span >\r\n\t\t\t\t\t\t\t<span>\u00censcrie-te<\/span>\r\n\t\t\t\t\t<\/span>\r\n<\/a>\r\n<\/div>\r\n[\/vc_column][vc_column width=&#8221;1\/3&#8243;][vc_column_text]<\/p>\n<p style=\"text-align: center;\">Formular PDF<\/p>\n<p>[\/vc_column_text]<div data-dahz-shortcode-key=\"1553720238998-0d659d36-a710\" style=\"\" class=\"de-shortcode__wrapper de-shortcode__wrapper--button uk-margin- uk-text-center\">\r\n\t<a href=\"#\" class=\"de-btn de-btn--boxed de-btn--fill\" target=\"_blank\">\r\n\t<span >\r\n\t\t\t\t\t\t\t<span>\u00censcrie-te<\/span>\r\n\t\t\t\t\t<\/span>\r\n<\/a>\r\n<\/div>\r\n[\/vc_column][\/vc_row]<\/p>\n","protected":false},"excerpt":{"rendered":"<p>[vc_row dahz_id=&#8221;1553720054440-e5b75176-a2a2&#8243;][vc_column][vc_column_text] 30 &#8211; 31.08.2025, Termen limit\u0103: 16.08.2025 Loca\u021bie eveniment: Cetatea Alba Carolina, Alba Iulia Prin\u00a0completarea \u015fi transmiterea \u00eenscrierii, subsemnatul, declar c\u0103 accept prelucrarea datelor mele cu caracter personal (GDPR), furnizate de bun\u0103 voie, \u00een scopul organiz\u0103rii \u0219i promov\u0103rii expozi\u021biei chinologice prezente \u0219i viitoare. ANUNT REFERITOR LA COADA SI\/SAU URECHILE CUPATE Conform prevederilor art. IV<\/p>\n","protected":false},"author":1,"featured_media":0,"parent":631,"menu_order":0,"comment_status":"closed","ping_status":"closed","template":"","meta":[],"_links":{"self":[{"href":"https:\/\/achalba.ro\/new\/wp-json\/wp\/v2\/pages\/536"}],"collection":[{"href":"https:\/\/achalba.ro\/new\/wp-json\/wp\/v2\/pages"}],"about":[{"href":"https:\/\/achalba.ro\/new\/wp-json\/wp\/v2\/types\/page"}],"author":[{"embeddable":true,"href":"https:\/\/achalba.ro\/new\/wp-json\/wp\/v2\/users\/1"}],"replies":[{"embeddable":true,"href":"https:\/\/achalba.ro\/new\/wp-json\/wp\/v2\/comments?post=536"}],"version-history":[{"count":51,"href":"https:\/\/achalba.ro\/new\/wp-json\/wp\/v2\/pages\/536\/revisions"}],"predecessor-version":[{"id":2869,"href":"https:\/\/achalba.ro\/new\/wp-json\/wp\/v2\/pages\/536\/revisions\/2869"}],"up":[{"embeddable":true,"href":"https:\/\/achalba.ro\/new\/wp-json\/wp\/v2\/pages\/631"}],"wp:attachment":[{"href":"https:\/\/achalba.ro\/new\/wp-json\/wp\/v2\/media?parent=536"}],"curies":[{"name":"wp","href":"https:\/\/api.w.org\/{rel}","templated":true}]}}